{"id":110,"date":"2024-01-12T16:10:14","date_gmt":"2024-01-12T15:10:14","guid":{"rendered":"https:\/\/montmartre-shopping.com\/?page_id=110"},"modified":"2024-01-12T16:52:56","modified_gmt":"2024-01-12T15:52:56","slug":"montmartre-shopping-associaction-adresses","status":"publish","type":"page","link":"https:\/\/montmartre-shopping.com\/index.php\/montmartre-shopping-associaction-adresses\/","title":{"rendered":"Montmartre Shopping"},"content":{"rendered":"<div class=\"wp-block-image\">\n<figure class=\"aligncenter size-large is-resized\"><img loading=\"lazy\" decoding=\"async\" width=\"913\" height=\"1024\" src=\"http:\/\/montmartre-shopping.com\/wp-content\/uploads\/2024\/01\/LOGO-MS-913x1024.jpg\" alt=\"MONTMARTRE SHOPPING\" class=\"wp-image-118\" style=\"width:401px;height:auto\" srcset=\"https:\/\/montmartre-shopping.com\/wp-content\/uploads\/2024\/01\/LOGO-MS-913x1024.jpg 913w, https:\/\/montmartre-shopping.com\/wp-content\/uploads\/2024\/01\/LOGO-MS-267x300.jpg 267w, https:\/\/montmartre-shopping.com\/wp-content\/uploads\/2024\/01\/LOGO-MS-768x862.jpg 768w, https:\/\/montmartre-shopping.com\/wp-content\/uploads\/2024\/01\/LOGO-MS.jpg 1000w\" sizes=\"auto, (max-width: 913px) 100vw, 913px\" \/><figcaption class=\"wp-element-caption\">Association des Commer\u00e7ants Montmartre<\/figcaption><\/figure>\n<\/div>\n\n\n<h2 class=\"wp-block-heading\" id=\"h-association-des-commercants-et-artisans-du-bas-de-montmartre\">Association des Commer\u00e7ants et artisans du bas de Montmartre<\/h2>\n\n\n\n<p>Cr\u00e9\u00e9 en d\u00e9cembre 2023,<strong> Montmartre shopping,<\/strong> regroupe les artisans et commer\u00e7ants du bas de la butte de Montmartre. C\u2019est aussi \u00ab&nbsp;la destination&nbsp;\u00bb ou l\u2019on aime fl\u00e2ner dans un village qui a toujours \u00e9t\u00e9 dans l\u2019histoire la destination pr\u00e9f\u00e9r\u00e9e des artistes. Montmartre, c\u2019est aussi un esprit o\u00f9 les habitants de la butte aiment se rassembler autour de grandes f\u00eates qui sont r\u00e9guli\u00e8rement organis\u00e9es tout au long de l\u2019ann\u00e9e. Enfin, la butte de Montmartre poss\u00e8de une grande diversit\u00e9 de commer\u00e7ants et d\u2019artisans qui se f\u00e9d\u00e8rent aujourd\u2019hui au sein de Montmartre Shopping, pour d\u00e9fendre un commerce de proximit\u00e9, une qualit\u00e9 des produits, et un esprit village au c\u0153ur de Paris.<\/p>\n\n\n\n<h2 class=\"wp-block-heading\" id=\"h-a-la-decouverte-de-l-association-montmartre-shopping\">A la d\u00e9couverte de l\u2019association Montmartre Shopping<\/h2>\n\n\n\n<h3 class=\"wp-block-heading\" id=\"h-shopping-boutiques-restaurants-le-guide-des-bonnes-adresses\">Shopping, Boutiques, Restaurants, le guide des bonnes adresses<\/h3>\n\n\n\n<p>Chez Montmartre Shopping, on cultive le commerce de proximit\u00e9, les bons produits, la d\u00e9fense du Made in France et du Made In Europe, les ateliers de cr\u00e9ateurs, et aussi partager des bons moments de vie. Ainsi, Montmartre Shopping devient ainsi un petit guide unique des bonnes adresses de l&rsquo;association, \u00e0 ne pas manquer sur la butte de Montmartre. Un guide pratique et mis \u00e0 jour en permanence par les commer\u00e7ants et les artisans. S\u2019appuyant sur la grande diversit\u00e9 de commerce sur la butte, Montmartre shopping devient un label de qualit\u00e9 o\u00f9 chacun d\u2019entre vous trouvera son bonheur qui vous soyez de passage ou habitant du quartier.<\/p>\n\n\n<div class=\"wp-block-image\">\n<figure class=\"aligncenter size-full is-resized\"><img loading=\"lazy\" decoding=\"async\" width=\"1000\" height=\"300\" src=\"http:\/\/montmartre-shopping.com\/wp-content\/uploads\/2024\/01\/LOGO-GUIDE.jpg\" alt=\"contact : montmartreshopping@gmail.com\" class=\"wp-image-117\" style=\"width:667px;height:auto\" srcset=\"https:\/\/montmartre-shopping.com\/wp-content\/uploads\/2024\/01\/LOGO-GUIDE.jpg 1000w, https:\/\/montmartre-shopping.com\/wp-content\/uploads\/2024\/01\/LOGO-GUIDE-300x90.jpg 300w, https:\/\/montmartre-shopping.com\/wp-content\/uploads\/2024\/01\/LOGO-GUIDE-768x230.jpg 768w\" sizes=\"auto, (max-width: 1000px) 100vw, 1000px\" \/><\/figure>\n<\/div>\n\n\n<h3 class=\"wp-block-heading\" id=\"h-montmartre-shopping-association-loi-de-1901\">Montmartre Shopping, association loi de 1901<\/h3>\n\n\n\n<p>Extrait de la publication au journal officiel du 5 d\u00e9cembre 2023 pour mieux nous conna\u00eetre :<\/p>\n\n\n\n<p>1| Montmartre Shopping est une association &#8211; loi de 2001- pour la repr\u00e9sentation des commer\u00e7ants, des artisans et des artistes du quartier des Abbesses et du North Pigalle (des rues des Martyrs, d\u2019Orsel, Dulin, Lavieuville, Letac, Trois fr\u00e8res, Houdon, Abbesses, Lepic, et plus g\u00e9n\u00e9ralement de la butte de Montmartre), aupr\u00e8s des institutions officielles notamment les mairies de Paris et du 18\u00e8me arrondissement ainsi que la pr\u00e9fecture de Police de Paris.<br>2 | La promotion de l\u2019attractivit\u00e9 des commerces appartenant \u00e0 ce secteur avec notamment la cr\u00e9ation du label \u00ab&nbsp;Montmartre Shopping&nbsp;\u00bb.<br>3 | Le d\u00e9veloppement d\u2019outils de communication communs pour promouvoir les commerces de l\u2019association, ses adresses et son Label.<br>4 | La cr\u00e9ation de parcours shopping pour mettre en valeurs les offres et les savoir-faire des commer\u00e7ants, des ateliers et des artistes qui composent l\u2019association.<br>5 | L\u2019organisation d\u2019\u00e9v\u00e9nements autour des commer\u00e7ants tels des grandes braderies, march\u00e9s \u00e9ph\u00e9m\u00e8res, d\u00e9fil\u00e9s, portes-ouvertes, Work in Progress, festival et toutes autres manifestations afin de promouvoir l\u2019attractivit\u00e9 du quartier.<br>6 | Le recherche et la mutualisation d\u2019offres partenaires, juridiques et logistiques pour r\u00e9pondre aux besoins des membres de l\u2019association dans le cadre de la gestion de leur entreprise.<br>7 | L\u2019embellissement des boutiques et des rues du quartier notamment dans le domaine de la propret\u00e9, de la voierie, de la v\u00e9g\u00e9talisation, et de la culture, ainsi que tout autres domaines qui d\u2019am\u00e9liorer l\u2019attractivit\u00e9 des commerces et des ateliers de ce secteur.<br>8 | La mise en place de moyens pour encourager les commerces \u00e0 devenir plus \u00e9cologiques, responsables et soucieux de l\u2019environnement.<br>9 | La promotion des savoirs-faires Locaux, ainsi que la d\u00e9fense du Made In France, du Made In Paris, du Made in Montmartre et du Made In Europe.<\/p>\n\n\n\n<p>CONTACT&nbsp;: <a href=\"mailto:montmartreshopping@gmail.com\">montmartreshopping@gmail.com<\/a><\/p>\n\n\n<div class=\"wp-block-image\">\n<figure class=\"aligncenter size-full\"><img loading=\"lazy\" decoding=\"async\" width=\"707\" height=\"1006\" src=\"https:\/\/montmartre-shopping.com\/wp-content\/uploads\/2024\/01\/JOAFE_PDF_Unitaire_20230049_01733.jpg\" alt=\"\" class=\"wp-image-134\" srcset=\"https:\/\/montmartre-shopping.com\/wp-content\/uploads\/2024\/01\/JOAFE_PDF_Unitaire_20230049_01733.jpg 707w, https:\/\/montmartre-shopping.com\/wp-content\/uploads\/2024\/01\/JOAFE_PDF_Unitaire_20230049_01733-211x300.jpg 211w\" sizes=\"auto, (max-width: 707px) 100vw, 707px\" \/><\/figure>\n<\/div>","protected":false},"excerpt":{"rendered":"<p>Association des Commer\u00e7ants et artisans du bas de Montmartre Cr\u00e9\u00e9 en d\u00e9cembre 2023, Montmartre shopping, regroupe les artisans et commer\u00e7ants du bas de la butte de Montmartre. C\u2019est aussi \u00ab&nbsp;la destination&nbsp;\u00bb ou l\u2019on aime fl\u00e2ner dans un village qui a toujours \u00e9t\u00e9 dans l\u2019histoire la destination pr\u00e9f\u00e9r\u00e9e des artistes. Montmartre, c\u2019est aussi un esprit o\u00f9 les habitants de la butte aiment se rassembler autour de grandes f\u00eates qui sont r\u00e9guli\u00e8rement organis\u00e9es tout au long de l\u2019ann\u00e9e. Enfin, la butte de Montmartre poss\u00e8de une grande diversit\u00e9 de commer\u00e7ants et d\u2019artisans qui se f\u00e9d\u00e8rent aujourd\u2019hui au sein de Montmartre Shopping, pour d\u00e9fendre un commerce de proximit\u00e9, une qualit\u00e9 des produits, et un esprit village au c\u0153ur de Paris. A la d\u00e9couverte de l\u2019association Montmartre Shopping Shopping, Boutiques, Restaurants, le guide des bonnes adresses Chez Montmartre Shopping, on cultive le commerce de proximit\u00e9, les bons produits, la d\u00e9fense du Made in France et du Made In Europe, les ateliers de cr\u00e9ateurs, et aussi partager des bons moments de vie. Ainsi, Montmartre Shopping devient ainsi un petit guide unique des bonnes adresses de l&rsquo;association, \u00e0 ne pas manquer sur la butte de Montmartre. Un guide pratique et mis \u00e0 jour en permanence par les commer\u00e7ants et les artisans. S\u2019appuyant sur la grande diversit\u00e9 de commerce sur la butte, Montmartre shopping devient un label de qualit\u00e9 o\u00f9 chacun d\u2019entre vous trouvera son bonheur qui vous soyez de passage ou habitant du quartier. Montmartre Shopping, association loi de 1901 Extrait de la publication au journal officiel du 5 d\u00e9cembre 2023 pour mieux nous conna\u00eetre : 1| Montmartre Shopping est une association &#8211; loi de 2001- pour la repr\u00e9sentation des commer\u00e7ants, des artisans et des artistes du quartier des Abbesses et du North Pigalle (des rues des Martyrs, d\u2019Orsel, Dulin, Lavieuville, Letac, Trois fr\u00e8res, Houdon, Abbesses, Lepic, et plus g\u00e9n\u00e9ralement de la butte de Montmartre), aupr\u00e8s des institutions officielles notamment les mairies de Paris et du 18\u00e8me arrondissement ainsi que la pr\u00e9fecture de Police de Paris.2 | La promotion de l\u2019attractivit\u00e9 des commerces appartenant \u00e0 ce secteur avec notamment la cr\u00e9ation du label \u00ab&nbsp;Montmartre Shopping&nbsp;\u00bb.3 | Le d\u00e9veloppement d\u2019outils de communication communs pour promouvoir les commerces de l\u2019association, ses adresses et son Label.4 | La cr\u00e9ation de parcours shopping pour mettre en valeurs les offres et les savoir-faire des commer\u00e7ants, des ateliers et des artistes qui composent l\u2019association.5 | L\u2019organisation d\u2019\u00e9v\u00e9nements autour des commer\u00e7ants tels des grandes braderies, march\u00e9s \u00e9ph\u00e9m\u00e8res, d\u00e9fil\u00e9s, portes-ouvertes, Work in Progress, festival et toutes autres manifestations afin de promouvoir l\u2019attractivit\u00e9 du quartier.6 | Le recherche et la mutualisation d\u2019offres partenaires, juridiques et logistiques pour r\u00e9pondre aux besoins des membres de l\u2019association dans le cadre de la gestion de leur entreprise.7 | L\u2019embellissement des boutiques et des rues du quartier notamment dans le domaine de la propret\u00e9, de la voierie, de la v\u00e9g\u00e9talisation, et de la culture, ainsi que tout autres domaines qui d\u2019am\u00e9liorer l\u2019attractivit\u00e9 des commerces et des ateliers de ce secteur.8 | La mise en place de moyens pour encourager les commerces \u00e0 devenir plus \u00e9cologiques, responsables et soucieux de l\u2019environnement.9 | La promotion des savoirs-faires Locaux, ainsi que la d\u00e9fense du Made In France, du Made In Paris, du Made in Montmartre et du Made In Europe. CONTACT&nbsp;: montmartreshopping@gmail.com<\/p>\n","protected":false},"author":2,"featured_media":0,"parent":0,"menu_order":0,"comment_status":"closed","ping_status":"closed","template":"","meta":{"footnotes":""},"class_list":["post-110","page","type-page","status-publish","hentry"],"yoast_head":"<!-- This site is optimized with the Yoast SEO Premium plugin v21.4 (Yoast SEO v21.4) - https:\/\/yoast.com\/wordpress\/plugins\/seo\/ -->\n<title>Montmartre Shopping - L&#039;association des commer\u00e7ants<\/title>\n<meta name=\"description\" content=\"Retrouvez le site des commer\u00e7ants de Montmartre Shopping, le guide de l&#039;association pour d\u00e9couvrir des bonnes adresses !\" \/>\n<meta name=\"robots\" content=\"index, follow, max-snippet:-1, max-image-preview:large, max-video-preview:-1\" \/>\n<link rel=\"canonical\" href=\"https:\/\/montmartre-shopping.com\/index.php\/montmartre-shopping-associaction-adresses\/\" \/>\n<meta property=\"og:locale\" content=\"fr_FR\" \/>\n<meta property=\"og:type\" content=\"article\" \/>\n<meta property=\"og:title\" content=\"Montmartre Shopping\" \/>\n<meta property=\"og:description\" content=\"Retrouvez le site des commer\u00e7ants de Montmartre Shopping, le guide de l&#039;association pour d\u00e9couvrir des bonnes adresses !\" \/>\n<meta property=\"og:url\" content=\"https:\/\/montmartre-shopping.com\/index.php\/montmartre-shopping-associaction-adresses\/\" \/>\n<meta property=\"og:site_name\" content=\"MONTMARTRE SHOPPING\" \/>\n<meta property=\"article:modified_time\" content=\"2024-01-12T15:52:56+00:00\" \/>\n<meta property=\"og:image\" content=\"http:\/\/montmartre-shopping.com\/wp-content\/uploads\/2024\/01\/LOGO-MS-913x1024.jpg\" \/>\n<meta name=\"twitter:card\" content=\"summary_large_image\" \/>\n<meta name=\"twitter:label1\" content=\"Dur\u00e9e de lecture estim\u00e9e\" \/>\n\t<meta name=\"twitter:data1\" content=\"4 minutes\" \/>\n<script type=\"application\/ld+json\" class=\"yoast-schema-graph\">{\"@context\":\"https:\/\/schema.org\",\"@graph\":[{\"@type\":\"WebPage\",\"@id\":\"https:\/\/montmartre-shopping.com\/index.php\/montmartre-shopping-associaction-adresses\/\",\"url\":\"https:\/\/montmartre-shopping.com\/index.php\/montmartre-shopping-associaction-adresses\/\",\"name\":\"Montmartre Shopping - L'association des commer\u00e7ants\",\"isPartOf\":{\"@id\":\"https:\/\/montmartre-shopping.com\/#website\"},\"datePublished\":\"2024-01-12T15:10:14+00:00\",\"dateModified\":\"2024-01-12T15:52:56+00:00\",\"description\":\"Retrouvez le site des commer\u00e7ants de Montmartre Shopping, le guide de l'association pour d\u00e9couvrir des bonnes adresses !\",\"breadcrumb\":{\"@id\":\"https:\/\/montmartre-shopping.com\/index.php\/montmartre-shopping-associaction-adresses\/#breadcrumb\"},\"inLanguage\":\"fr-FR\",\"potentialAction\":[{\"@type\":\"ReadAction\",\"target\":[\"https:\/\/montmartre-shopping.com\/index.php\/montmartre-shopping-associaction-adresses\/\"]}]},{\"@type\":\"BreadcrumbList\",\"@id\":\"https:\/\/montmartre-shopping.com\/index.php\/montmartre-shopping-associaction-adresses\/#breadcrumb\",\"itemListElement\":[{\"@type\":\"ListItem\",\"position\":1,\"name\":\"Accueil\",\"item\":\"https:\/\/montmartre-shopping.com\/\"},{\"@type\":\"ListItem\",\"position\":2,\"name\":\"Montmartre Shopping\"}]},{\"@type\":\"WebSite\",\"@id\":\"https:\/\/montmartre-shopping.com\/#website\",\"url\":\"https:\/\/montmartre-shopping.com\/\",\"name\":\"MONTMARTRE SHOPPING\",\"description\":\"L&#039;association des Artisans et Commercants de la butte de Montmartre\",\"potentialAction\":[{\"@type\":\"SearchAction\",\"target\":{\"@type\":\"EntryPoint\",\"urlTemplate\":\"https:\/\/montmartre-shopping.com\/?s={search_term_string}\"},\"query-input\":\"required name=search_term_string\"}],\"inLanguage\":\"fr-FR\"}]}<\/script>\n<!-- \/ Yoast SEO Premium plugin. -->","yoast_head_json":{"title":"Montmartre Shopping - L'association des commer\u00e7ants","description":"Retrouvez le site des commer\u00e7ants de Montmartre Shopping, le guide de l'association pour d\u00e9couvrir des bonnes adresses !","robots":{"index":"index","follow":"follow","max-snippet":"max-snippet:-1","max-image-preview":"max-image-preview:large","max-video-preview":"max-video-preview:-1"},"canonical":"https:\/\/montmartre-shopping.com\/index.php\/montmartre-shopping-associaction-adresses\/","og_locale":"fr_FR","og_type":"article","og_title":"Montmartre Shopping","og_description":"Retrouvez le site des commer\u00e7ants de Montmartre Shopping, le guide de l'association pour d\u00e9couvrir des bonnes adresses !","og_url":"https:\/\/montmartre-shopping.com\/index.php\/montmartre-shopping-associaction-adresses\/","og_site_name":"MONTMARTRE SHOPPING","article_modified_time":"2024-01-12T15:52:56+00:00","og_image":[{"url":"http:\/\/montmartre-shopping.com\/wp-content\/uploads\/2024\/01\/LOGO-MS-913x1024.jpg"}],"twitter_card":"summary_large_image","twitter_misc":{"Dur\u00e9e de lecture estim\u00e9e":"4 minutes"},"schema":{"@context":"https:\/\/schema.org","@graph":[{"@type":"WebPage","@id":"https:\/\/montmartre-shopping.com\/index.php\/montmartre-shopping-associaction-adresses\/","url":"https:\/\/montmartre-shopping.com\/index.php\/montmartre-shopping-associaction-adresses\/","name":"Montmartre Shopping - L'association des commer\u00e7ants","isPartOf":{"@id":"https:\/\/montmartre-shopping.com\/#website"},"datePublished":"2024-01-12T15:10:14+00:00","dateModified":"2024-01-12T15:52:56+00:00","description":"Retrouvez le site des commer\u00e7ants de Montmartre Shopping, le guide de l'association pour d\u00e9couvrir des bonnes adresses !","breadcrumb":{"@id":"https:\/\/montmartre-shopping.com\/index.php\/montmartre-shopping-associaction-adresses\/#breadcrumb"},"inLanguage":"fr-FR","potentialAction":[{"@type":"ReadAction","target":["https:\/\/montmartre-shopping.com\/index.php\/montmartre-shopping-associaction-adresses\/"]}]},{"@type":"BreadcrumbList","@id":"https:\/\/montmartre-shopping.com\/index.php\/montmartre-shopping-associaction-adresses\/#breadcrumb","itemListElement":[{"@type":"ListItem","position":1,"name":"Accueil","item":"https:\/\/montmartre-shopping.com\/"},{"@type":"ListItem","position":2,"name":"Montmartre Shopping"}]},{"@type":"WebSite","@id":"https:\/\/montmartre-shopping.com\/#website","url":"https:\/\/montmartre-shopping.com\/","name":"MONTMARTRE SHOPPING","description":"L&#039;association des Artisans et Commercants de la butte de Montmartre","potentialAction":[{"@type":"SearchAction","target":{"@type":"EntryPoint","urlTemplate":"https:\/\/montmartre-shopping.com\/?s={search_term_string}"},"query-input":"required name=search_term_string"}],"inLanguage":"fr-FR"}]}},"acf":[],"_links":{"self":[{"href":"https:\/\/montmartre-shopping.com\/index.php\/wp-json\/wp\/v2\/pages\/110","targetHints":{"allow":["GET"]}}],"collection":[{"href":"https:\/\/montmartre-shopping.com\/index.php\/wp-json\/wp\/v2\/pages"}],"about":[{"href":"https:\/\/montmartre-shopping.com\/index.php\/wp-json\/wp\/v2\/types\/page"}],"author":[{"embeddable":true,"href":"https:\/\/montmartre-shopping.com\/index.php\/wp-json\/wp\/v2\/users\/2"}],"replies":[{"embeddable":true,"href":"https:\/\/montmartre-shopping.com\/index.php\/wp-json\/wp\/v2\/comments?post=110"}],"version-history":[{"count":16,"href":"https:\/\/montmartre-shopping.com\/index.php\/wp-json\/wp\/v2\/pages\/110\/revisions"}],"predecessor-version":[{"id":142,"href":"https:\/\/montmartre-shopping.com\/index.php\/wp-json\/wp\/v2\/pages\/110\/revisions\/142"}],"wp:attachment":[{"href":"https:\/\/montmartre-shopping.com\/index.php\/wp-json\/wp\/v2\/media?parent=110"}],"curies":[{"name":"wp","href":"https:\/\/api.w.org\/{rel}","templated":true}]}}